{"id":545,"date":"2021-12-29T15:31:05","date_gmt":"2021-12-29T15:31:05","guid":{"rendered":"https:\/\/dhidedesigns.com\/?page_id=545"},"modified":"2021-12-30T15:25:43","modified_gmt":"2021-12-30T15:25:43","slug":"casino-winnings","status":"publish","type":"page","link":"https:\/\/dhidedesigns.com\/de\/casino-winnings\/","title":{"rendered":"Was k\u00f6nnen wir von den f\u00fcnf gr\u00f6\u00dften Casino-Gewinnen der Geschichte lernen?"},"content":{"rendered":"\n<div class=\"wp-block-image\"><figure class=\"alignleft size-full\"><img loading=\"lazy\" decoding=\"async\" width=\"280\" height=\"77\" src=\"https:\/\/dhidedesigns.com\/wp-content\/uploads\/2021\/12\/big-wins.png\" alt=\"Casino-Gewinnen\" class=\"wp-image-560\"\/><\/figure><\/div>\n\n\n\n<p>Die Jackpots der gr\u00f6\u00dften Lotterien der Welt haben bereits eine Milliarde Dollar \u00fcberschritten. Nat\u00fcrlich sind die Chancen, eine solche Summe zu gewinnen, verschwindend gering &#8211; eine Vielzahl von Faktoren muss zusammenkommen, von denen der wichtigste das Gl\u00fcck des Spielers selbst ist.<br>In den Kasino-Unterabteilungen gewinnen die Menschen jedoch viel h\u00e4ufiger. Wir haben beschlossen, die Top 5 der gr\u00f6\u00dften Gewinne bei den bekanntesten Gl\u00fccksspielen und Kartenspielen zusammenzustellen: Roulette, Baccarat, Poker, Blackjack und Slots.<\/p>\n\n\n\n<h2 class=\"wp-block-heading\">Roulette &#8211; 3 Millionen Pfund<\/h2>\n\n\n\n<p>Der klassische Mechanismus, der bereits im 18. Jahrhundert erfunden wurde, wurde in der Casino-\u00c4ra aufgegriffen. Das Spiel ist ein sich drehendes Spielrad, das in 37 gleiche Teile unterteilt ist. Sechsunddrei\u00dfig davon sind zu gleichen Teilen schwarz und rot, wobei die letzte Zelle gr\u00fcn gef\u00e4rbt ist. Bevor sich das Rouletterad dreht, k\u00f6nnen die Spieler darauf wetten, welchen Bereich die Kugel des Croupiers treffen wird.<br>Sir Philip Green, der Eigent\u00fcmer von TopShop und TopMan, beschloss 2004, in einem britischen Casino Roulette zu spielen. Seine Gewinne verbl\u00fcfften den Gesch\u00e4ftsmann &#8211; in der ersten Nacht konnte er 2 Millionen Pfund abheben, in der zweiten etwa eine Million. Nun aber laufen Greens Gesch\u00e4fte nicht gut &#8211; seine Arcadia Ltd. hat 2020 ein Konkursverfahren eingeleitet.<\/p>\n\n\n\n<h2 class=\"wp-block-heading\">Bakkarat &#8211; $20 Millionen<\/h2>\n\n\n\n<p>Zwei oder drei Karten f\u00fcr sofortige Gewinne &#8211; das ist das Prinzip des Bakkaratspiels. Das Spiel besteht aus drei Feldern: Banker, Draw und Spieler. Die Bank und die Spielerfelder erhalten Karten, die nacheinander aufgedeckt werden. Der erste Spieler, der neun Punkte erreicht, gewinnt. Im Falle eines Unentschiedens wird ein Unentschieden erkl\u00e4rt. Der Einsatz auf den Spieler und die Bank wird mit einer Quote von 2 berechnet, das Unentschieden mit einer Quote von 9.<br>Der ber\u00fchmte Pokerspieler Phil Ivey konnte innerhalb weniger Tage 20 Millionen Dollar beim Bakkarat verdienen. Aber solche Gewinne gefielen den Besitzern der Casinos, in denen Phil spielte, nicht. Der Prozess dauerte 13 Jahre und das Urteil war entt\u00e4uschend &#8211; Ivey wurde f\u00fcr schuldig befunden, gegen das Konzept des Spiels versto\u00dfen zu haben, weil er beim Wetten fehlerhafte Karten verwendet hatte.<\/p>\n\n\n\n<h2 class=\"wp-block-heading\">Poker &#8211; \u00fcber $18 Millionen<\/h2>\n\n\n\n<p>W\u00e4hrend bei Roulette und Baccarat viel vom Gl\u00fcck und vom Zufall abhing, wurde beim Poker viel mehr Wert auf die Klasse des Spielers, seine Psychologie und seine F\u00e4higkeit, sich der Situation anzupassen, gelegt. Bei diesem Spiel erh\u00e4lt jeder Spieler zwei Karten und der Geber erh\u00e4lt nacheinander f\u00fcnf Karten. Der Gewinner ist entweder der Spieler mit dem besten Blatt am Tisch oder der Spieler, der seinen Gegner zum Aussteigen gezwungen hat.<br>Beim WSOP-Turnier The Big One For Drop gewann Antonio Esfandiari $18,3 Millionen. Der Amerikaner galt anfangs als der gro\u00dfe Au\u00dfenseiter des Turniers, lag aber nach dem ersten Tag auf Platz vier in Chips und schaffte den Einzug ins Finale.<\/p>\n\n\n\n<h2 class=\"wp-block-heading\">Blackjack &#8211; 20 Millionen Dollar<\/h2>\n\n\n\n<p>In den GUS-L\u00e4ndern ist das Spiel unter dem Namen &#8222;21&#8220; weithin bekannt. Das Prinzip des Kartenspiels ist einfach: Der Spieler muss eine Anzahl von Punkten erreichen, die entweder gleich einundzwanzig oder so nahe wie m\u00f6glich daran ist.<br>Der gr\u00f6\u00dfte Blackjack-Gewinn wurde 1997 verbucht, als der Medienmogul und Gr\u00fcnder der World Series of Cricket Kerry Packer in einem australischen Casino 20 Millionen Dollar gewann. Der Gesch\u00e4ftsmann gewann 20 Spiele in Folge. Der Australier soll dem Croupier eine Million Dollar Trinkgeld hinterlassen haben.<\/p>\n\n\n\n<h2 class=\"wp-block-heading\">Spielautomaten &#8211; 39 Millionen Dollar<\/h2>\n\n\n\n<p>\u00c4u\u00dferst beliebt in der letzten Zeit Slots brachte fast $ 40 Millionen zu Ethan Miller. Slots sind eine Art von Spielautomaten, bei denen der Spieler nach dem Drehen eine bestimmte Kombination von Zahlen, Bildern oder Symbolen erwischen muss. Je besser die Kombination ist, desto h\u00f6her ist der Gewinn.<br>Miller hat nur 100 Dollar in den Spielautomaten gesteckt, und die Auszahlung betrug das 394.000-fache seines urspr\u00fcnglichen Einsatzes.<\/p>\n","protected":false},"excerpt":{"rendered":"<p>Die Jackpots der gr\u00f6\u00dften Lotterien der Welt haben bereits eine Milliarde &#8230;<\/p>\n","protected":false},"author":1,"featured_media":0,"parent":0,"menu_order":0,"comment_status":"closed","ping_status":"closed","template":"","meta":{"footnotes":""},"categories":[],"tags":[],"class_list":["post-545","page","type-page","status-publish","hentry","entry"],"aioseo_notices":[],"_links":{"self":[{"href":"https:\/\/dhidedesigns.com\/de\/wp-json\/wp\/v2\/pages\/545","targetHints":{"allow":["GET"]}}],"collection":[{"href":"https:\/\/dhidedesigns.com\/de\/wp-json\/wp\/v2\/pages"}],"about":[{"href":"https:\/\/dhidedesigns.com\/de\/wp-json\/wp\/v2\/types\/page"}],"author":[{"embeddable":true,"href":"https:\/\/dhidedesigns.com\/de\/wp-json\/wp\/v2\/users\/1"}],"replies":[{"embeddable":true,"href":"https:\/\/dhidedesigns.com\/de\/wp-json\/wp\/v2\/comments?post=545"}],"version-history":[{"count":10,"href":"https:\/\/dhidedesigns.com\/de\/wp-json\/wp\/v2\/pages\/545\/revisions"}],"predecessor-version":[{"id":595,"href":"https:\/\/dhidedesigns.com\/de\/wp-json\/wp\/v2\/pages\/545\/revisions\/595"}],"wp:attachment":[{"href":"https:\/\/dhidedesigns.com\/de\/wp-json\/wp\/v2\/media?parent=545"}],"wp:term":[{"taxonomy":"category","embeddable":true,"href":"https:\/\/dhidedesigns.com\/de\/wp-json\/wp\/v2\/categories?post=545"},{"taxonomy":"post_tag","embeddable":true,"href":"https:\/\/dhidedesigns.com\/de\/wp-json\/wp\/v2\/tags?post=545"}],"curies":[{"name":"wp","href":"https:\/\/api.w.org\/{rel}","templated":true}]}}