{"id":545,"date":"2021-12-29T15:31:05","date_gmt":"2021-12-29T15:31:05","guid":{"rendered":"https:\/\/dhidedesigns.com\/?page_id=545"},"modified":"2021-12-30T15:25:43","modified_gmt":"2021-12-30T15:25:43","slug":"casino-winnings","status":"publish","type":"page","link":"https:\/\/dhidedesigns.com\/es\/casino-winnings\/","title":{"rendered":"\u00bfQu\u00e9 podemos aprender de las cinco mayores ganancias de los casinos de la historia?"},"content":{"rendered":"\n<div class=\"wp-block-image\"><figure class=\"alignleft size-full\"><img loading=\"lazy\" decoding=\"async\" width=\"280\" height=\"77\" src=\"https:\/\/dhidedesigns.com\/wp-content\/uploads\/2021\/12\/big-wins-1.png\" alt=\"ganancias de los casinos\" class=\"wp-image-564\"\/><\/figure><\/div>\n\n\n\n<p>Los botes de las mayores loter\u00edas del mundo ya han superado los mil millones de d\u00f3lares. Por supuesto, las probabilidades de ganar una suma as\u00ed son muy escasas, ya que tienen que coincidir un sinf\u00edn de factores, el m\u00e1s importante de los cuales es la suerte del propio jugador.<br>Sin embargo, en las subsecciones de los casinos se gana mucho m\u00e1s a menudo. Hemos decidido recopilar las 5 mayores ganancias en los juegos de azar y cartas m\u00e1s famosos: ruleta, bacar\u00e1, p\u00f3quer, blackjack y tragaperras.<\/p>\n\n\n\n<h2 class=\"wp-block-heading\">Ruleta &#8211; 3 millones de libras<\/h2>\n\n\n\n<p>El mecanismo cl\u00e1sico, inventado ya en el siglo XVIII, fue retomado en la \u00e9poca de los casinos. El juego es una rueda giratoria, dividida en 37 partes iguales. Treinta y seis de ellas se dividen por igual en negro y rojo, y la \u00faltima c\u00e9lula se colorea de verde. Antes de que la rueda de la ruleta gire, los jugadores pueden apostar sobre qu\u00e9 sector golpear\u00e1 la bola del crupier.<br>Sir Philip Green, propietario de TopShop y TopMan, decidi\u00f3 jugar a la ruleta en un casino brit\u00e1nico en 2004. Sus ganancias asombraron al empresario: en la primera noche logr\u00f3 retirar 2 millones de libras, y en la segunda, cerca de un mill\u00f3n. Ahora, sin embargo, los negocios de Green no van bien: su empresa Arcadia Ltd inici\u00f3 el procedimiento de quiebra en 2020.<\/p>\n\n\n\n<h2 class=\"wp-block-heading\">Baccarat &#8211; 20 millones de d\u00f3lares<\/h2>\n\n\n\n<p>Dos o tres cartas para ganar al instante: este es el principio del juego del bacar\u00e1. En el juego intervienen tres campos: la banca, el sorteo y el jugador. Se reparten cartas a la banca y al jugador, que se abren una a una. El primer jugador que consiga nueve puntos gana. En caso de empate, se declarar\u00e1 un empate. La apuesta al jugador y a la banca se calcula a una cuota de 2, el empate a una cuota de 9.<br>El famoso jugador de p\u00f3quer Phil Ivey fue capaz de ganar 20 millones de d\u00f3lares en pocos d\u00edas en el bacar\u00e1. Pero tales ganancias no agradaban a los propietarios de los casinos donde Phil jugaba. El juicio dur\u00f3 13 a\u00f1os y el veredicto fue decepcionante: Ivey fue declarado culpable de violar el concepto del juego porque utiliz\u00f3 cartas defectuosas al apostar.<\/p>\n\n\n\n<h2 class=\"wp-block-heading\">P\u00f3quer &#8211; m\u00e1s de 18 millones de d\u00f3lares<\/h2>\n\n\n\n<p>Si en la ruleta y el bacar\u00e1 se depend\u00eda mucho de la suerte y el azar de los jugadores, en el p\u00f3quer se daba mucha m\u00e1s importancia a la clase del jugador, a su psicolog\u00eda y a su capacidad de adaptaci\u00f3n a la situaci\u00f3n. El juego consiste en repartir dos cartas a cada jugador y cinco cartas a la banca por turnos. El ganador es el jugador con la mejor mano en la mesa o el jugador que oblig\u00f3 a su oponente a retirarse.<br>En el torneo The Big One For Drop de las WSOP, Antonio Esfandiari gan\u00f3 18,3 millones de d\u00f3lares. El estadounidense estaba inicialmente considerado como el principal tapado del evento, pero lleg\u00f3 a ser cuarto en fichas tras la primera jornada y complet\u00f3 con \u00e9xito su carrera en la final.<\/p>\n\n\n\n<h2 class=\"wp-block-heading\">Blackjack &#8211; 20 millones de d\u00f3lares<\/h2>\n\n\n\n<p>En los pa\u00edses de la CEI el juego es ampliamente conocido con el nombre de \u00ab21\u00bb. El principio del juego de cartas es sencillo: el jugador tiene que conseguir un n\u00famero de puntos que sea igual a veintiuno, o lo m\u00e1s parecido posible.<br>La mayor victoria en el blackjack se produjo en 1997, cuando el magnate de los medios de comunicaci\u00f3n y fundador de las Series Mundiales de Cricket, Kerry Packer, gan\u00f3 20 millones de d\u00f3lares en un casino australiano. El empresario gan\u00f3 20 partidos seguidos. Se rumorea que el australiano dej\u00f3 al crupier un mill\u00f3n de d\u00f3lares de propina.<\/p>\n\n\n\n<h2 class=\"wp-block-heading\">Tragamonedas &#8211; 39 millones de d\u00f3lares<\/h2>\n\n\n\n<p>Extremadamente popular en los \u00faltimos tiempos ranuras trajo casi $ 40 millones a Ethan Miller. Las tragamonedas son un tipo de m\u00e1quina tragaperras, en la que el jugador necesita atrapar una determinada combinaci\u00f3n de n\u00fameros, im\u00e1genes o s\u00edmbolos despu\u00e9s de girar. Cuanto mejor sea la combinaci\u00f3n, mayores ser\u00e1n las ganancias.<br>Miller s\u00f3lo puso 100 d\u00f3lares en la m\u00e1quina tragaperras, y el pago fue 394.000 veces su apuesta original.<\/p>\n","protected":false},"excerpt":{"rendered":"<p>Los botes de las mayores loter\u00edas del mundo ya han superado &#8230;<\/p>\n","protected":false},"author":1,"featured_media":0,"parent":0,"menu_order":0,"comment_status":"closed","ping_status":"closed","template":"","meta":{"footnotes":""},"categories":[],"tags":[],"class_list":["post-545","page","type-page","status-publish","hentry","entry"],"aioseo_notices":[],"_links":{"self":[{"href":"https:\/\/dhidedesigns.com\/es\/wp-json\/wp\/v2\/pages\/545","targetHints":{"allow":["GET"]}}],"collection":[{"href":"https:\/\/dhidedesigns.com\/es\/wp-json\/wp\/v2\/pages"}],"about":[{"href":"https:\/\/dhidedesigns.com\/es\/wp-json\/wp\/v2\/types\/page"}],"author":[{"embeddable":true,"href":"https:\/\/dhidedesigns.com\/es\/wp-json\/wp\/v2\/users\/1"}],"replies":[{"embeddable":true,"href":"https:\/\/dhidedesigns.com\/es\/wp-json\/wp\/v2\/comments?post=545"}],"version-history":[{"count":10,"href":"https:\/\/dhidedesigns.com\/es\/wp-json\/wp\/v2\/pages\/545\/revisions"}],"predecessor-version":[{"id":595,"href":"https:\/\/dhidedesigns.com\/es\/wp-json\/wp\/v2\/pages\/545\/revisions\/595"}],"wp:attachment":[{"href":"https:\/\/dhidedesigns.com\/es\/wp-json\/wp\/v2\/media?parent=545"}],"wp:term":[{"taxonomy":"category","embeddable":true,"href":"https:\/\/dhidedesigns.com\/es\/wp-json\/wp\/v2\/categories?post=545"},{"taxonomy":"post_tag","embeddable":true,"href":"https:\/\/dhidedesigns.com\/es\/wp-json\/wp\/v2\/tags?post=545"}],"curies":[{"name":"wp","href":"https:\/\/api.w.org\/{rel}","templated":true}]}}