{"id":545,"date":"2021-12-29T15:31:05","date_gmt":"2021-12-29T15:31:05","guid":{"rendered":"https:\/\/dhidedesigns.com\/?page_id=545"},"modified":"2021-12-30T15:25:43","modified_gmt":"2021-12-30T15:25:43","slug":"casino-winnings","status":"publish","type":"page","link":"https:\/\/dhidedesigns.com\/fr\/casino-winnings\/","title":{"rendered":"Que pouvons-nous apprendre des cinq plus gros gains de casino de l&rsquo;histoire ?"},"content":{"rendered":"\n<div class=\"wp-block-image\"><figure class=\"alignleft size-full\"><img loading=\"lazy\" decoding=\"async\" width=\"280\" height=\"77\" src=\"https:\/\/dhidedesigns.com\/wp-content\/uploads\/2021\/12\/big-wins.png\" alt=\"gros gains au casino\" class=\"wp-image-560\"\/><\/figure><\/div>\n\n\n\n<p>Les jackpots des plus grandes loteries du monde ont d\u00e9j\u00e0 d\u00e9pass\u00e9 le milliard de dollars. Bien s\u00fbr, les chances de gagner une telle somme sont infimes &#8211; une myriade de facteurs doivent co\u00efncider, dont le plus important est la chance du joueur lui-m\u00eame.<br>Dans les sous-sections de casino, en revanche, les gens gagnent beaucoup plus souvent. Nous avons d\u00e9cid\u00e9 de compiler les 5 plus gros gains dans les jeux de hasard et de cartes les plus c\u00e9l\u00e8bres : roulette, baccarat, poker, blackjack et machines \u00e0 sous.<\/p>\n\n\n\n<h2 class=\"wp-block-heading\">Roulette &#8211; 3 millions de livres<\/h2>\n\n\n\n<p>Le m\u00e9canisme classique, invent\u00e9 d\u00e8s le XVIIIe si\u00e8cle, a \u00e9t\u00e9 repris \u00e0 l&rsquo;\u00e9poque des casinos. Le jeu est une roue de jeu qui tourne, divis\u00e9e en 37 parties \u00e9gales. Trente-six d&rsquo;entre elles se r\u00e9partissent \u00e9quitablement entre le noir et le rouge, la derni\u00e8re cellule \u00e9tant color\u00e9e en vert. Avant que la roue de la roulette ne tourne, les joueurs peuvent parier sur le secteur que la balle du croupier va toucher.<br>Sir Philip Green, propri\u00e9taire de TopShop et TopMan, a d\u00e9cid\u00e9 de jouer \u00e0 la roulette dans un casino britannique en 2004. Ses gains ont stup\u00e9fi\u00e9 l&rsquo;homme d&rsquo;affaires : la premi\u00e8re nuit, il a r\u00e9ussi \u00e0 retirer 2 millions de livres, et la seconde, environ un million. Aujourd&rsquo;hui, cependant, les affaires de Green ne vont pas bien &#8211; sa soci\u00e9t\u00e9 Arcadia Ltd a lanc\u00e9 une proc\u00e9dure de faillite en 2020.<\/p>\n\n\n\n<h2 class=\"wp-block-heading\">Baccarat &#8211; 20 millions de dollars<\/h2>\n\n\n\n<p>Deux ou trois cartes pour des gains instantan\u00e9s &#8211; tel est le principe du jeu de baccara. Il y a trois champs impliqu\u00e9s dans le jeu : le banquier, le tireur et le joueur. Les champs du banquier et du joueur re\u00e7oivent des cartes, qui sont ouvertes une par une. Le premier joueur \u00e0 marquer neuf points gagne. En cas d&rsquo;\u00e9galit\u00e9, un match nul est d\u00e9clar\u00e9. La mise sur le joueur et le banquier est calcul\u00e9e \u00e0 une cote de 2, le tirage \u00e0 une cote de 9.<br>Le c\u00e9l\u00e8bre joueur de poker Phil Ivey a pu gagner 20 millions de dollars en quelques jours au baccara. Mais ces gains ne plaisent pas aux propri\u00e9taires des casinos o\u00f9 Phil joue. Le proc\u00e8s a dur\u00e9 13 ans et le verdict a \u00e9t\u00e9 d\u00e9cevant &#8211; Ivey a \u00e9t\u00e9 reconnu coupable d&rsquo;avoir viol\u00e9 le concept du jeu parce qu&rsquo;il a utilis\u00e9 des cartes d\u00e9fectueuses lorsqu&rsquo;il a mis\u00e9.<\/p>\n\n\n\n<h2 class=\"wp-block-heading\">Poker &#8211; plus de 18 millions de dollars<\/h2>\n\n\n\n<p>Si \u00e0 la roulette et au baccarat, beaucoup de choses d\u00e9pendaient de la chance et du hasard, au poker, on attachait beaucoup plus d&rsquo;importance \u00e0 la classe du joueur, \u00e0 sa psychologie et \u00e0 sa capacit\u00e9 \u00e0 s&rsquo;adapter \u00e0 la situation. Le jeu implique que deux cartes soient distribu\u00e9es \u00e0 chaque joueur et que cinq cartes soient distribu\u00e9es \u00e0 leur tour au croupier. Le gagnant est soit le joueur ayant la meilleure main sur la table, soit le joueur qui a forc\u00e9 son adversaire \u00e0 se coucher.<br>Au tournoi Big One For Drop WSOP, Antonio Esfandiari a remport\u00e9 18,3 millions de dollars. L&rsquo;Am\u00e9ricain \u00e9tait initialement consid\u00e9r\u00e9 comme le principal outsider de l&rsquo;\u00e9v\u00e9nement, mais il s&rsquo;est retrouv\u00e9 quatri\u00e8me en jetons apr\u00e8s le premier jour et a r\u00e9ussi son parcours en finale.<\/p>\n\n\n\n<h2 class=\"wp-block-heading\">Blackjack &#8211; 20 millions de dollars<\/h2>\n\n\n\n<p>Dans les pays de la CEI, le jeu est largement connu sous le nom de \u00ab\u00a021\u00a0\u00bb. Le principe de ce jeu de cartes est simple : le joueur doit marquer un nombre de points qui sera soit \u00e9gal \u00e0 vingt et un, soit le plus proche possible de ce chiffre.<br>Le plus gros gain au blackjack remonte \u00e0 1997, lorsque le magnat des m\u00e9dias et fondateur des World Series of Cricket Kerry Packer a remport\u00e9 20 millions de dollars dans un casino australien. L&rsquo;homme d&rsquo;affaires a gagn\u00e9 20 matchs d&rsquo;affil\u00e9e. L&rsquo;Australien aurait laiss\u00e9 un pourboire d&rsquo;un million de dollars au croupier.<\/p>\n\n\n\n<h2 class=\"wp-block-heading\">Machines \u00e0 sous &#8211; 39 millions de dollars<\/h2>\n\n\n\n<p>Extr\u00eamement populaires ces derniers temps, les machines \u00e0 sous ont rapport\u00e9 pr\u00e8s de 40 millions de dollars \u00e0 Ethan Miller. Les machines \u00e0 sous sont un type de machine \u00e0 sous, o\u00f9 le joueur doit attraper une certaine combinaison de chiffres, d&rsquo;images ou de symboles apr\u00e8s avoir tourn\u00e9. Plus la combinaison est bonne, plus les gains sont importants.<br>Miller n&rsquo;a mis que 100 $ dans la machine \u00e0 sous, et le gain a \u00e9t\u00e9 de 394 000 fois sa mise initiale.<\/p>\n","protected":false},"excerpt":{"rendered":"<p>Les jackpots des plus grandes loteries du monde ont d\u00e9j\u00e0 d\u00e9pass\u00e9 &#8230;<\/p>\n","protected":false},"author":1,"featured_media":0,"parent":0,"menu_order":0,"comment_status":"closed","ping_status":"closed","template":"","meta":{"footnotes":""},"categories":[],"tags":[],"class_list":["post-545","page","type-page","status-publish","hentry","entry"],"aioseo_notices":[],"_links":{"self":[{"href":"https:\/\/dhidedesigns.com\/fr\/wp-json\/wp\/v2\/pages\/545","targetHints":{"allow":["GET"]}}],"collection":[{"href":"https:\/\/dhidedesigns.com\/fr\/wp-json\/wp\/v2\/pages"}],"about":[{"href":"https:\/\/dhidedesigns.com\/fr\/wp-json\/wp\/v2\/types\/page"}],"author":[{"embeddable":true,"href":"https:\/\/dhidedesigns.com\/fr\/wp-json\/wp\/v2\/users\/1"}],"replies":[{"embeddable":true,"href":"https:\/\/dhidedesigns.com\/fr\/wp-json\/wp\/v2\/comments?post=545"}],"version-history":[{"count":10,"href":"https:\/\/dhidedesigns.com\/fr\/wp-json\/wp\/v2\/pages\/545\/revisions"}],"predecessor-version":[{"id":595,"href":"https:\/\/dhidedesigns.com\/fr\/wp-json\/wp\/v2\/pages\/545\/revisions\/595"}],"wp:attachment":[{"href":"https:\/\/dhidedesigns.com\/fr\/wp-json\/wp\/v2\/media?parent=545"}],"wp:term":[{"taxonomy":"category","embeddable":true,"href":"https:\/\/dhidedesigns.com\/fr\/wp-json\/wp\/v2\/categories?post=545"},{"taxonomy":"post_tag","embeddable":true,"href":"https:\/\/dhidedesigns.com\/fr\/wp-json\/wp\/v2\/tags?post=545"}],"curies":[{"name":"wp","href":"https:\/\/api.w.org\/{rel}","templated":true}]}}