{"id":545,"date":"2021-12-29T15:31:05","date_gmt":"2021-12-29T15:31:05","guid":{"rendered":"https:\/\/dhidedesigns.com\/?page_id=545"},"modified":"2021-12-30T15:25:43","modified_gmt":"2021-12-30T15:25:43","slug":"casino-winnings","status":"publish","type":"page","link":"https:\/\/dhidedesigns.com\/it\/casino-winnings\/","title":{"rendered":"Cosa possiamo imparare dalle cinque pi\u00f9 grandi vincite di casin\u00f2 della storia?"},"content":{"rendered":"\n<div class=\"wp-block-image\"><figure class=\"alignleft size-full is-resized\"><img loading=\"lazy\" decoding=\"async\" src=\"https:\/\/dhidedesigns.com\/wp-content\/uploads\/2021\/12\/big-wins.png\" alt=\"grandi vincite al casin\u00f2\" class=\"wp-image-560\" width=\"281\" height=\"77\"\/><\/figure><\/div>\n\n\n\n<p>I jackpot delle pi\u00f9 grandi lotterie del mondo hanno gi\u00e0 superato il miliardo di dollari. Naturalmente, le probabilit\u00e0 di vincere una tale somma sono incredibilmente piccole &#8211; una miriade di fattori devono coincidere, il pi\u00f9 importante dei quali \u00e8 la fortuna del giocatore stesso.<br>Nelle sottosezioni del casin\u00f2, tuttavia, la gente vince molto pi\u00f9 spesso. Abbiamo deciso di compilare la top 5 delle maggiori vincite nei pi\u00f9 famosi giochi d&#8217;azzardo e di carte: roulette, baccarat, poker, blackjack e slot.<\/p>\n\n\n\n<h2 class=\"wp-block-heading\">Roulette &#8211; 3 milioni di sterline<\/h2>\n\n\n\n<p>The classic mechanism, invented back in the 18th century, was taken up in the era of casino development. The game is a spinning game wheel, divided into 37 equal parts. Thirty-six of them are evenly divided into black and red, and the <\/p>\n\n\n\n<p>Il meccanismo classico, inventato gi\u00e0 nel XVIII secolo, \u00e8 stato ripreso nell&#8217;era del casin\u00f2. Il gioco \u00e8 una ruota che gira, divisa in 37 parti uguali. Trentasei di queste sono equamente divise in nero e rosso, mentre l&#8217;ultima cella \u00e8 colorata di verde. Prima che la ruota della roulette giri, i giocatori possono scommettere su quale settore la pallina del croupier colpir\u00e0.<br>Sir Philip Green, il proprietario di TopShop e TopMan, ha deciso di giocare alla roulette in un casin\u00f2 britannico nel 2004. Le sue vincite stupirono l&#8217;uomo d&#8217;affari &#8211; nella prima notte riusc\u00ec a ritirare 2 milioni di sterline, e nella seconda &#8211; circa un milione. Ora, per\u00f2, gli affari di Green non vanno bene &#8211; la sua Arcadia Ltd ha avviato la procedura di fallimento nel 2020.<\/p>\n\n\n\n<h2 class=\"wp-block-heading\">Baccarat &#8211; 20 milioni di dollari<\/h2>\n\n\n\n<p>Due o tre carte per vincite istantanee &#8211; questo \u00e8 il principio del gioco del baccarat. Ci sono tre campi coinvolti nel gioco: banco, pareggio e giocatore. Ai campi del banchiere e del giocatore vengono distribuite delle carte, che vengono aperte una per una. Il primo giocatore a segnare nove punti vince. In caso di pareggio, viene dichiarato un pareggio. La scommessa sul giocatore e sul banchiere \u00e8 calcolata a quote di 2, il pareggio a quote di 9.<br>Il famoso giocatore di poker Phil Ivey \u00e8 riuscito a guadagnare 20 milioni di dollari in pochi giorni nel baccarat. Ma tali vincite non piacevano ai proprietari dei casin\u00f2 dove Phil giocava. Il processo \u00e8 durato 13 anni e il verdetto \u00e8 stato deludente &#8211; Ivey \u00e8 stato trovato colpevole di aver violato il concetto del gioco perch\u00e9 ha usato carte difettose quando ha scommesso.<\/p>\n\n\n\n<h2 class=\"wp-block-heading\">Poker &#8211; oltre 18 milioni di dollari<\/h2>\n\n\n\n<p>Se nella roulette e nel baccarat molto dipendeva dalla fortuna e dalla casualit\u00e0 dei giocatori, nel poker si dava molta pi\u00f9 importanza alla classe del giocatore, alla sua psicologia e alla sua capacit\u00e0 di adattarsi alla situazione. Il gioco prevede che due carte vengano distribuite ad ogni giocatore e che cinque carte vengano distribuite a turno al mazziere. Il vincitore \u00e8 o il giocatore con la mano migliore sul tavolo o il giocatore che ha costretto il suo avversario a lasciare.<br>Al torneo The Big One For Drop WSOP, Antonio Esfandiari ha vinto 18,3 milioni di dollari. L&#8217;americano \u00e8 stato inizialmente considerato come il principale sfavorito dell&#8217;evento, ma \u00e8 arrivato quarto in chips dopo il primo giorno e ha completato con successo la sua corsa in finale.<\/p>\n\n\n\n<h2 class=\"wp-block-heading\">Blackjack &#8211; 20 milioni di dollari<\/h2>\n\n\n\n<p>Nei paesi della CSI il gioco \u00e8 ampiamente conosciuto con il nome di &#8220;21&#8221;. Il principio del gioco di carte \u00e8 semplice &#8211; il giocatore deve segnare un numero di punti che sar\u00e0 uguale a ventuno, o il pi\u00f9 vicino possibile.<br>La pi\u00f9 grande vincita al blackjack fu nel 1997 quando il magnate dei media e fondatore delle World Series of Cricket Kerry Packer in un casin\u00f2 australiano vinse 20 milioni di dollari. L&#8217;uomo d&#8217;affari ha vinto 20 partite di fila. Si dice che l&#8217;australiano abbia lasciato al croupier una mancia di un milione di dollari.<\/p>\n\n\n\n<h2 class=\"wp-block-heading\">Slot &#8211; 39 milioni di dollari<\/h2>\n\n\n\n<p>Estremamente popolare negli ultimi tempi le slot hanno portato quasi 40 milioni di dollari a Ethan Miller. La slot \u00e8 un tipo di slot machine, dove il giocatore ha bisogno di prendere una certa combinazione di numeri, immagini o simboli dopo aver girato. Migliore \u00e8 la combinazione, maggiore \u00e8 la vincita.<br>Miller mise solo 100 dollari nella slot machine, e la vincita fu 394.000 volte la sua scommessa originale.<\/p>\n","protected":false},"excerpt":{"rendered":"<p>I jackpot delle pi\u00f9 grandi lotterie del mondo hanno gi\u00e0 superato &#8230;<\/p>\n","protected":false},"author":1,"featured_media":0,"parent":0,"menu_order":0,"comment_status":"closed","ping_status":"closed","template":"","meta":{"footnotes":""},"categories":[],"tags":[],"class_list":["post-545","page","type-page","status-publish","hentry","entry"],"aioseo_notices":[],"_links":{"self":[{"href":"https:\/\/dhidedesigns.com\/it\/wp-json\/wp\/v2\/pages\/545","targetHints":{"allow":["GET"]}}],"collection":[{"href":"https:\/\/dhidedesigns.com\/it\/wp-json\/wp\/v2\/pages"}],"about":[{"href":"https:\/\/dhidedesigns.com\/it\/wp-json\/wp\/v2\/types\/page"}],"author":[{"embeddable":true,"href":"https:\/\/dhidedesigns.com\/it\/wp-json\/wp\/v2\/users\/1"}],"replies":[{"embeddable":true,"href":"https:\/\/dhidedesigns.com\/it\/wp-json\/wp\/v2\/comments?post=545"}],"version-history":[{"count":10,"href":"https:\/\/dhidedesigns.com\/it\/wp-json\/wp\/v2\/pages\/545\/revisions"}],"predecessor-version":[{"id":595,"href":"https:\/\/dhidedesigns.com\/it\/wp-json\/wp\/v2\/pages\/545\/revisions\/595"}],"wp:attachment":[{"href":"https:\/\/dhidedesigns.com\/it\/wp-json\/wp\/v2\/media?parent=545"}],"wp:term":[{"taxonomy":"category","embeddable":true,"href":"https:\/\/dhidedesigns.com\/it\/wp-json\/wp\/v2\/categories?post=545"},{"taxonomy":"post_tag","embeddable":true,"href":"https:\/\/dhidedesigns.com\/it\/wp-json\/wp\/v2\/tags?post=545"}],"curies":[{"name":"wp","href":"https:\/\/api.w.org\/{rel}","templated":true}]}}